{"id":10760,"date":"2021-03-09T12:07:09","date_gmt":"2021-03-09T11:07:09","guid":{"rendered":"https:\/\/www.derdack.com\/de\/?page_id=10760"},"modified":"2021-03-11T10:54:36","modified_gmt":"2021-03-11T09:54:36","slug":"integration","status":"publish","type":"page","link":"https:\/\/www.derdack.com\/de\/enterprise-alert-alarmierungssoftware\/integration\/","title":{"rendered":"Integration"},"content":{"rendered":"","protected":false},"excerpt":{"rendered":"","protected":false},"author":15,"featured_media":0,"parent":2033,"menu_order":0,"comment_status":"closed","ping_status":"closed","template":"","meta":[],"yoast_head":"<!-- This site is optimized with the Yoast SEO plugin v19.0 - https:\/\/yoast.com\/wordpress\/plugins\/seo\/ -->\n<title>Nahtlose Integration in Dritt-Produkte<\/title>\n<meta name=\"description\" content=\"Integration \u00fcber 2-Wege-Plug&amp;Play. Derdack bietet von den Herstellern zertifizierte und sichere Plug&amp;Play-Konnektoren f\u00fcr f\u00fchrende Dritt-Produkte an\" \/>\n<meta name=\"robots\" content=\"index, follow, max-snippet:-1, max-image-preview:large, max-video-preview:-1\" \/>\n<link rel=\"canonical\" href=\"https:\/\/www.derdack.com\/de\/enterprise-alert-alarmierungssoftware\/integration\/\" \/>\n<meta property=\"og:locale\" content=\"de_DE\" \/>\n<meta property=\"og:type\" content=\"article\" \/>\n<meta property=\"og:title\" content=\"Nahtlose Integration in Dritt-Produkte\" \/>\n<meta property=\"og:description\" content=\"Integration \u00fcber 2-Wege-Plug&amp;Play. Derdack bietet von den Herstellern zertifizierte und sichere Plug&amp;Play-Konnektoren f\u00fcr f\u00fchrende Dritt-Produkte an\" \/>\n<meta property=\"og:url\" content=\"https:\/\/www.derdack.com\/de\/enterprise-alert-alarmierungssoftware\/integration\/\" \/>\n<meta property=\"og:site_name\" content=\"Derdack DE\" \/>\n<meta property=\"article:publisher\" content=\"https:\/\/www.facebook.com\/derdack?ref=ts\" \/>\n<meta property=\"article:modified_time\" content=\"2021-03-11T09:54:36+00:00\" \/>\n<meta name=\"twitter:card\" content=\"summary\" \/>\n<meta name=\"twitter:site\" content=\"@derdack\" \/>\n<script type=\"application\/ld+json\" class=\"yoast-schema-graph\">{\"@context\":\"https:\/\/schema.org\",\"@graph\":[{\"@type\":\"WebSite\",\"@id\":\"https:\/\/www.derdack.com\/de\/#website\",\"url\":\"https:\/\/www.derdack.com\/de\/\",\"name\":\"Derdack DE\",\"description\":\"Alarmierung und mobile St\u00f6rfallreaktion f\u00fcr kritische Systeme\",\"potentialAction\":[{\"@type\":\"SearchAction\",\"target\":{\"@type\":\"EntryPoint\",\"urlTemplate\":\"https:\/\/www.derdack.com\/de\/?s={search_term_string}\"},\"query-input\":\"required name=search_term_string\"}],\"inLanguage\":\"de-DE\"},{\"@type\":\"WebPage\",\"@id\":\"https:\/\/www.derdack.com\/de\/enterprise-alert-alarmierungssoftware\/integration\/#webpage\",\"url\":\"https:\/\/www.derdack.com\/de\/enterprise-alert-alarmierungssoftware\/integration\/\",\"name\":\"Nahtlose Integration in Dritt-Produkte\",\"isPartOf\":{\"@id\":\"https:\/\/www.derdack.com\/de\/#website\"},\"datePublished\":\"2021-03-09T11:07:09+00:00\",\"dateModified\":\"2021-03-11T09:54:36+00:00\",\"description\":\"Integration \u00fcber 2-Wege-Plug&Play. Derdack bietet von den Herstellern zertifizierte und sichere Plug&Play-Konnektoren f\u00fcr f\u00fchrende Dritt-Produkte an\",\"breadcrumb\":{\"@id\":\"https:\/\/www.derdack.com\/de\/enterprise-alert-alarmierungssoftware\/integration\/#breadcrumb\"},\"inLanguage\":\"de-DE\",\"potentialAction\":[{\"@type\":\"ReadAction\",\"target\":[\"https:\/\/www.derdack.com\/de\/enterprise-alert-alarmierungssoftware\/integration\/\"]}]},{\"@type\":\"BreadcrumbList\",\"@id\":\"https:\/\/www.derdack.com\/de\/enterprise-alert-alarmierungssoftware\/integration\/#breadcrumb\",\"itemListElement\":[{\"@type\":\"ListItem\",\"position\":1,\"name\":\"Home\",\"item\":\"https:\/\/www.derdack.com\/de\/\"},{\"@type\":\"ListItem\",\"position\":2,\"name\":\"Enterprise Alert\u00ae\",\"item\":\"https:\/\/www.derdack.com\/de\/enterprise-alert-alarmierungssoftware\/\"},{\"@type\":\"ListItem\",\"position\":3,\"name\":\"Integration\"}]}]}<\/script>\n<!-- \/ Yoast SEO plugin. -->","yoast_head_json":{"title":"Nahtlose Integration in Dritt-Produkte","description":"Integration \u00fcber 2-Wege-Plug&Play. Derdack bietet von den Herstellern zertifizierte und sichere Plug&Play-Konnektoren f\u00fcr f\u00fchrende Dritt-Produkte an","robots":{"index":"index","follow":"follow","max-snippet":"max-snippet:-1","max-image-preview":"max-image-preview:large","max-video-preview":"max-video-preview:-1"},"canonical":"https:\/\/www.derdack.com\/de\/enterprise-alert-alarmierungssoftware\/integration\/","og_locale":"de_DE","og_type":"article","og_title":"Nahtlose Integration in Dritt-Produkte","og_description":"Integration \u00fcber 2-Wege-Plug&Play. Derdack bietet von den Herstellern zertifizierte und sichere Plug&Play-Konnektoren f\u00fcr f\u00fchrende Dritt-Produkte an","og_url":"https:\/\/www.derdack.com\/de\/enterprise-alert-alarmierungssoftware\/integration\/","og_site_name":"Derdack DE","article_publisher":"https:\/\/www.facebook.com\/derdack?ref=ts","article_modified_time":"2021-03-11T09:54:36+00:00","twitter_card":"summary","twitter_site":"@derdack","schema":{"@context":"https:\/\/schema.org","@graph":[{"@type":"WebSite","@id":"https:\/\/www.derdack.com\/de\/#website","url":"https:\/\/www.derdack.com\/de\/","name":"Derdack DE","description":"Alarmierung und mobile St\u00f6rfallreaktion f\u00fcr kritische Systeme","potentialAction":[{"@type":"SearchAction","target":{"@type":"EntryPoint","urlTemplate":"https:\/\/www.derdack.com\/de\/?s={search_term_string}"},"query-input":"required name=search_term_string"}],"inLanguage":"de-DE"},{"@type":"WebPage","@id":"https:\/\/www.derdack.com\/de\/enterprise-alert-alarmierungssoftware\/integration\/#webpage","url":"https:\/\/www.derdack.com\/de\/enterprise-alert-alarmierungssoftware\/integration\/","name":"Nahtlose Integration in Dritt-Produkte","isPartOf":{"@id":"https:\/\/www.derdack.com\/de\/#website"},"datePublished":"2021-03-09T11:07:09+00:00","dateModified":"2021-03-11T09:54:36+00:00","description":"Integration \u00fcber 2-Wege-Plug&Play. Derdack bietet von den Herstellern zertifizierte und sichere Plug&Play-Konnektoren f\u00fcr f\u00fchrende Dritt-Produkte an","breadcrumb":{"@id":"https:\/\/www.derdack.com\/de\/enterprise-alert-alarmierungssoftware\/integration\/#breadcrumb"},"inLanguage":"de-DE","potentialAction":[{"@type":"ReadAction","target":["https:\/\/www.derdack.com\/de\/enterprise-alert-alarmierungssoftware\/integration\/"]}]},{"@type":"BreadcrumbList","@id":"https:\/\/www.derdack.com\/de\/enterprise-alert-alarmierungssoftware\/integration\/#breadcrumb","itemListElement":[{"@type":"ListItem","position":1,"name":"Home","item":"https:\/\/www.derdack.com\/de\/"},{"@type":"ListItem","position":2,"name":"Enterprise Alert\u00ae","item":"https:\/\/www.derdack.com\/de\/enterprise-alert-alarmierungssoftware\/"},{"@type":"ListItem","position":3,"name":"Integration"}]}]}},"_links":{"self":[{"href":"https:\/\/www.derdack.com\/de\/wp-json\/wp\/v2\/pages\/10760"}],"collection":[{"href":"https:\/\/www.derdack.com\/de\/wp-json\/wp\/v2\/pages"}],"about":[{"href":"https:\/\/www.derdack.com\/de\/wp-json\/wp\/v2\/types\/page"}],"author":[{"embeddable":true,"href":"https:\/\/www.derdack.com\/de\/wp-json\/wp\/v2\/users\/15"}],"replies":[{"embeddable":true,"href":"https:\/\/www.derdack.com\/de\/wp-json\/wp\/v2\/comments?post=10760"}],"version-history":[{"count":2,"href":"https:\/\/www.derdack.com\/de\/wp-json\/wp\/v2\/pages\/10760\/revisions"}],"predecessor-version":[{"id":10789,"href":"https:\/\/www.derdack.com\/de\/wp-json\/wp\/v2\/pages\/10760\/revisions\/10789"}],"up":[{"embeddable":true,"href":"https:\/\/www.derdack.com\/de\/wp-json\/wp\/v2\/pages\/2033"}],"wp:attachment":[{"href":"https:\/\/www.derdack.com\/de\/wp-json\/wp\/v2\/media?parent=10760"}],"curies":[{"name":"wp","href":"https:\/\/api.w.org\/{rel}","templated":true}]}}