{"id":2025,"date":"2015-12-08T16:53:27","date_gmt":"2015-12-08T15:53:27","guid":{"rendered":"https:\/\/www.derdack.com\/en\/?page_id=2025"},"modified":"2020-06-24T10:20:22","modified_gmt":"2020-06-24T08:20:22","slug":"wo-wir-helfen-loesungen","status":"publish","type":"page","link":"https:\/\/www.derdack.com\/de\/wo-wir-helfen-loesungen\/","title":{"rendered":"Wo wir helfen"},"content":{"rendered":"","protected":false},"excerpt":{"rendered":"","protected":false},"author":1,"featured_media":0,"parent":0,"menu_order":0,"comment_status":"closed","ping_status":"closed","template":"","meta":[],"yoast_head":"<!-- This site is optimized with the Yoast SEO plugin v19.0 - https:\/\/yoast.com\/wordpress\/plugins\/seo\/ -->\n<title>Unternehmensl\u00f6sungen f\u00fcr die Alarmierung<\/title>\n<meta name=\"description\" content=\"Derdack automatisiert Alarmierung und mobilisiert die St\u00f6rfallreaktion. Unternehmensl\u00f6sungen f\u00fcr IT, Produktion, Energie, Versorgung, Transport, Logistik.\" \/>\n<meta name=\"robots\" content=\"index, follow, max-snippet:-1, max-image-preview:large, max-video-preview:-1\" \/>\n<link rel=\"canonical\" href=\"https:\/\/www.derdack.com\/de\/wo-wir-helfen-loesungen\/\" \/>\n<meta property=\"og:locale\" content=\"de_DE\" \/>\n<meta property=\"og:type\" content=\"article\" \/>\n<meta property=\"og:title\" content=\"Unternehmensl\u00f6sungen f\u00fcr die Alarmierung\" \/>\n<meta property=\"og:description\" content=\"Derdack automatisiert Alarmierung und mobilisiert die St\u00f6rfallreaktion. Unternehmensl\u00f6sungen f\u00fcr IT, Produktion, Energie, Versorgung, Transport, Logistik.\" \/>\n<meta property=\"og:url\" content=\"https:\/\/www.derdack.com\/de\/wo-wir-helfen-loesungen\/\" \/>\n<meta property=\"og:site_name\" content=\"Derdack DE\" \/>\n<meta property=\"article:publisher\" content=\"https:\/\/www.facebook.com\/derdack?ref=ts\" \/>\n<meta property=\"article:modified_time\" content=\"2020-06-24T08:20:22+00:00\" \/>\n<meta name=\"twitter:card\" content=\"summary\" \/>\n<meta name=\"twitter:site\" content=\"@derdack\" \/>\n<script type=\"application\/ld+json\" class=\"yoast-schema-graph\">{\"@context\":\"https:\/\/schema.org\",\"@graph\":[{\"@type\":\"WebSite\",\"@id\":\"https:\/\/www.derdack.com\/de\/#website\",\"url\":\"https:\/\/www.derdack.com\/de\/\",\"name\":\"Derdack DE\",\"description\":\"Alarmierung und mobile St\u00f6rfallreaktion f\u00fcr kritische Systeme\",\"potentialAction\":[{\"@type\":\"SearchAction\",\"target\":{\"@type\":\"EntryPoint\",\"urlTemplate\":\"https:\/\/www.derdack.com\/de\/?s={search_term_string}\"},\"query-input\":\"required name=search_term_string\"}],\"inLanguage\":\"de-DE\"},{\"@type\":\"WebPage\",\"@id\":\"https:\/\/www.derdack.com\/de\/wo-wir-helfen-loesungen\/#webpage\",\"url\":\"https:\/\/www.derdack.com\/de\/wo-wir-helfen-loesungen\/\",\"name\":\"Unternehmensl\u00f6sungen f\u00fcr die Alarmierung\",\"isPartOf\":{\"@id\":\"https:\/\/www.derdack.com\/de\/#website\"},\"datePublished\":\"2015-12-08T15:53:27+00:00\",\"dateModified\":\"2020-06-24T08:20:22+00:00\",\"description\":\"Derdack automatisiert Alarmierung und mobilisiert die St\u00f6rfallreaktion. Unternehmensl\u00f6sungen f\u00fcr IT, Produktion, Energie, Versorgung, Transport, Logistik.\",\"breadcrumb\":{\"@id\":\"https:\/\/www.derdack.com\/de\/wo-wir-helfen-loesungen\/#breadcrumb\"},\"inLanguage\":\"de-DE\",\"potentialAction\":[{\"@type\":\"ReadAction\",\"target\":[\"https:\/\/www.derdack.com\/de\/wo-wir-helfen-loesungen\/\"]}]},{\"@type\":\"BreadcrumbList\",\"@id\":\"https:\/\/www.derdack.com\/de\/wo-wir-helfen-loesungen\/#breadcrumb\",\"itemListElement\":[{\"@type\":\"ListItem\",\"position\":1,\"name\":\"Home\",\"item\":\"https:\/\/www.derdack.com\/de\/\"},{\"@type\":\"ListItem\",\"position\":2,\"name\":\"Wo wir helfen\"}]}]}<\/script>\n<!-- \/ Yoast SEO plugin. -->","yoast_head_json":{"title":"Unternehmensl\u00f6sungen f\u00fcr die Alarmierung","description":"Derdack automatisiert Alarmierung und mobilisiert die St\u00f6rfallreaktion. Unternehmensl\u00f6sungen f\u00fcr IT, Produktion, Energie, Versorgung, Transport, Logistik.","robots":{"index":"index","follow":"follow","max-snippet":"max-snippet:-1","max-image-preview":"max-image-preview:large","max-video-preview":"max-video-preview:-1"},"canonical":"https:\/\/www.derdack.com\/de\/wo-wir-helfen-loesungen\/","og_locale":"de_DE","og_type":"article","og_title":"Unternehmensl\u00f6sungen f\u00fcr die Alarmierung","og_description":"Derdack automatisiert Alarmierung und mobilisiert die St\u00f6rfallreaktion. Unternehmensl\u00f6sungen f\u00fcr IT, Produktion, Energie, Versorgung, Transport, Logistik.","og_url":"https:\/\/www.derdack.com\/de\/wo-wir-helfen-loesungen\/","og_site_name":"Derdack DE","article_publisher":"https:\/\/www.facebook.com\/derdack?ref=ts","article_modified_time":"2020-06-24T08:20:22+00:00","twitter_card":"summary","twitter_site":"@derdack","schema":{"@context":"https:\/\/schema.org","@graph":[{"@type":"WebSite","@id":"https:\/\/www.derdack.com\/de\/#website","url":"https:\/\/www.derdack.com\/de\/","name":"Derdack DE","description":"Alarmierung und mobile St\u00f6rfallreaktion f\u00fcr kritische Systeme","potentialAction":[{"@type":"SearchAction","target":{"@type":"EntryPoint","urlTemplate":"https:\/\/www.derdack.com\/de\/?s={search_term_string}"},"query-input":"required name=search_term_string"}],"inLanguage":"de-DE"},{"@type":"WebPage","@id":"https:\/\/www.derdack.com\/de\/wo-wir-helfen-loesungen\/#webpage","url":"https:\/\/www.derdack.com\/de\/wo-wir-helfen-loesungen\/","name":"Unternehmensl\u00f6sungen f\u00fcr die Alarmierung","isPartOf":{"@id":"https:\/\/www.derdack.com\/de\/#website"},"datePublished":"2015-12-08T15:53:27+00:00","dateModified":"2020-06-24T08:20:22+00:00","description":"Derdack automatisiert Alarmierung und mobilisiert die St\u00f6rfallreaktion. Unternehmensl\u00f6sungen f\u00fcr IT, Produktion, Energie, Versorgung, Transport, Logistik.","breadcrumb":{"@id":"https:\/\/www.derdack.com\/de\/wo-wir-helfen-loesungen\/#breadcrumb"},"inLanguage":"de-DE","potentialAction":[{"@type":"ReadAction","target":["https:\/\/www.derdack.com\/de\/wo-wir-helfen-loesungen\/"]}]},{"@type":"BreadcrumbList","@id":"https:\/\/www.derdack.com\/de\/wo-wir-helfen-loesungen\/#breadcrumb","itemListElement":[{"@type":"ListItem","position":1,"name":"Home","item":"https:\/\/www.derdack.com\/de\/"},{"@type":"ListItem","position":2,"name":"Wo wir helfen"}]}]}},"_links":{"self":[{"href":"https:\/\/www.derdack.com\/de\/wp-json\/wp\/v2\/pages\/2025"}],"collection":[{"href":"https:\/\/www.derdack.com\/de\/wp-json\/wp\/v2\/pages"}],"about":[{"href":"https:\/\/www.derdack.com\/de\/wp-json\/wp\/v2\/types\/page"}],"author":[{"embeddable":true,"href":"https:\/\/www.derdack.com\/de\/wp-json\/wp\/v2\/users\/1"}],"replies":[{"embeddable":true,"href":"https:\/\/www.derdack.com\/de\/wp-json\/wp\/v2\/comments?post=2025"}],"version-history":[{"count":5,"href":"https:\/\/www.derdack.com\/de\/wp-json\/wp\/v2\/pages\/2025\/revisions"}],"predecessor-version":[{"id":5147,"href":"https:\/\/www.derdack.com\/de\/wp-json\/wp\/v2\/pages\/2025\/revisions\/5147"}],"wp:attachment":[{"href":"https:\/\/www.derdack.com\/de\/wp-json\/wp\/v2\/media?parent=2025"}],"curies":[{"name":"wp","href":"https:\/\/api.w.org\/{rel}","templated":true}]}}