{"id":2030,"date":"2015-12-08T17:30:12","date_gmt":"2015-12-08T16:30:12","guid":{"rendered":"https:\/\/www.derdack.com\/en\/?page_id=2030"},"modified":"2019-05-09T12:17:54","modified_gmt":"2019-05-09T10:17:54","slug":"it-outsourcing","status":"publish","type":"page","link":"https:\/\/www.derdack.com\/de\/wo-wir-helfen-loesungen\/it-outsourcing\/","title":{"rendered":"IT-Outsourcing Anbieter"},"content":{"rendered":"","protected":false},"excerpt":{"rendered":"","protected":false},"author":1,"featured_media":0,"parent":2025,"menu_order":0,"comment_status":"closed","ping_status":"closed","template":"","meta":[],"yoast_head":"<!-- This site is optimized with the Yoast SEO plugin v19.0 - https:\/\/yoast.com\/wordpress\/plugins\/seo\/ -->\n<title>Mobile Alarmierung f\u00fcr IT-Hosting Anbieter<\/title>\n<meta name=\"description\" content=\"Derdack bietet IT-Hosting Anbietern eine anpassungsf\u00e4hige Software f\u00fcr die mobile St\u00f6rfallreaktion, die \u00fcber alle Szenarien &amp; IT-Systeme funktioniert\" \/>\n<meta name=\"robots\" content=\"index, follow, max-snippet:-1, max-image-preview:large, max-video-preview:-1\" \/>\n<link rel=\"canonical\" href=\"https:\/\/www.derdack.com\/de\/wo-wir-helfen-loesungen\/it-outsourcing\/\" \/>\n<meta property=\"og:locale\" content=\"de_DE\" \/>\n<meta property=\"og:type\" content=\"article\" \/>\n<meta property=\"og:title\" content=\"Mobile Alarmierung f\u00fcr IT-Hosting Anbieter\" \/>\n<meta property=\"og:description\" content=\"Derdack bietet IT-Hosting Anbietern eine anpassungsf\u00e4hige Software f\u00fcr die mobile St\u00f6rfallreaktion, die \u00fcber alle Szenarien &amp; IT-Systeme funktioniert\" \/>\n<meta property=\"og:url\" content=\"https:\/\/www.derdack.com\/de\/wo-wir-helfen-loesungen\/it-outsourcing\/\" \/>\n<meta property=\"og:site_name\" content=\"Derdack DE\" \/>\n<meta property=\"article:publisher\" content=\"https:\/\/www.facebook.com\/derdack?ref=ts\" \/>\n<meta property=\"article:modified_time\" content=\"2019-05-09T10:17:54+00:00\" \/>\n<meta name=\"twitter:card\" content=\"summary\" \/>\n<meta name=\"twitter:site\" content=\"@derdack\" \/>\n<script type=\"application\/ld+json\" class=\"yoast-schema-graph\">{\"@context\":\"https:\/\/schema.org\",\"@graph\":[{\"@type\":\"WebSite\",\"@id\":\"https:\/\/www.derdack.com\/de\/#website\",\"url\":\"https:\/\/www.derdack.com\/de\/\",\"name\":\"Derdack DE\",\"description\":\"Alarmierung und mobile St\u00f6rfallreaktion f\u00fcr kritische Systeme\",\"potentialAction\":[{\"@type\":\"SearchAction\",\"target\":{\"@type\":\"EntryPoint\",\"urlTemplate\":\"https:\/\/www.derdack.com\/de\/?s={search_term_string}\"},\"query-input\":\"required name=search_term_string\"}],\"inLanguage\":\"de-DE\"},{\"@type\":\"WebPage\",\"@id\":\"https:\/\/www.derdack.com\/de\/wo-wir-helfen-loesungen\/it-outsourcing\/#webpage\",\"url\":\"https:\/\/www.derdack.com\/de\/wo-wir-helfen-loesungen\/it-outsourcing\/\",\"name\":\"Mobile Alarmierung f\u00fcr IT-Hosting Anbieter\",\"isPartOf\":{\"@id\":\"https:\/\/www.derdack.com\/de\/#website\"},\"datePublished\":\"2015-12-08T16:30:12+00:00\",\"dateModified\":\"2019-05-09T10:17:54+00:00\",\"description\":\"Derdack bietet IT-Hosting Anbietern eine anpassungsf\u00e4hige Software f\u00fcr die mobile St\u00f6rfallreaktion, die \u00fcber alle Szenarien & IT-Systeme funktioniert\",\"breadcrumb\":{\"@id\":\"https:\/\/www.derdack.com\/de\/wo-wir-helfen-loesungen\/it-outsourcing\/#breadcrumb\"},\"inLanguage\":\"de-DE\",\"potentialAction\":[{\"@type\":\"ReadAction\",\"target\":[\"https:\/\/www.derdack.com\/de\/wo-wir-helfen-loesungen\/it-outsourcing\/\"]}]},{\"@type\":\"BreadcrumbList\",\"@id\":\"https:\/\/www.derdack.com\/de\/wo-wir-helfen-loesungen\/it-outsourcing\/#breadcrumb\",\"itemListElement\":[{\"@type\":\"ListItem\",\"position\":1,\"name\":\"Home\",\"item\":\"https:\/\/www.derdack.com\/de\/\"},{\"@type\":\"ListItem\",\"position\":2,\"name\":\"Wo wir helfen\",\"item\":\"https:\/\/www.derdack.com\/de\/wo-wir-helfen-loesungen\/\"},{\"@type\":\"ListItem\",\"position\":3,\"name\":\"IT-Outsourcing Anbieter\"}]}]}<\/script>\n<!-- \/ Yoast SEO plugin. -->","yoast_head_json":{"title":"Mobile Alarmierung f\u00fcr IT-Hosting Anbieter","description":"Derdack bietet IT-Hosting Anbietern eine anpassungsf\u00e4hige Software f\u00fcr die mobile St\u00f6rfallreaktion, die \u00fcber alle Szenarien & IT-Systeme funktioniert","robots":{"index":"index","follow":"follow","max-snippet":"max-snippet:-1","max-image-preview":"max-image-preview:large","max-video-preview":"max-video-preview:-1"},"canonical":"https:\/\/www.derdack.com\/de\/wo-wir-helfen-loesungen\/it-outsourcing\/","og_locale":"de_DE","og_type":"article","og_title":"Mobile Alarmierung f\u00fcr IT-Hosting Anbieter","og_description":"Derdack bietet IT-Hosting Anbietern eine anpassungsf\u00e4hige Software f\u00fcr die mobile St\u00f6rfallreaktion, die \u00fcber alle Szenarien & IT-Systeme funktioniert","og_url":"https:\/\/www.derdack.com\/de\/wo-wir-helfen-loesungen\/it-outsourcing\/","og_site_name":"Derdack DE","article_publisher":"https:\/\/www.facebook.com\/derdack?ref=ts","article_modified_time":"2019-05-09T10:17:54+00:00","twitter_card":"summary","twitter_site":"@derdack","schema":{"@context":"https:\/\/schema.org","@graph":[{"@type":"WebSite","@id":"https:\/\/www.derdack.com\/de\/#website","url":"https:\/\/www.derdack.com\/de\/","name":"Derdack DE","description":"Alarmierung und mobile St\u00f6rfallreaktion f\u00fcr kritische Systeme","potentialAction":[{"@type":"SearchAction","target":{"@type":"EntryPoint","urlTemplate":"https:\/\/www.derdack.com\/de\/?s={search_term_string}"},"query-input":"required name=search_term_string"}],"inLanguage":"de-DE"},{"@type":"WebPage","@id":"https:\/\/www.derdack.com\/de\/wo-wir-helfen-loesungen\/it-outsourcing\/#webpage","url":"https:\/\/www.derdack.com\/de\/wo-wir-helfen-loesungen\/it-outsourcing\/","name":"Mobile Alarmierung f\u00fcr IT-Hosting Anbieter","isPartOf":{"@id":"https:\/\/www.derdack.com\/de\/#website"},"datePublished":"2015-12-08T16:30:12+00:00","dateModified":"2019-05-09T10:17:54+00:00","description":"Derdack bietet IT-Hosting Anbietern eine anpassungsf\u00e4hige Software f\u00fcr die mobile St\u00f6rfallreaktion, die \u00fcber alle Szenarien & IT-Systeme funktioniert","breadcrumb":{"@id":"https:\/\/www.derdack.com\/de\/wo-wir-helfen-loesungen\/it-outsourcing\/#breadcrumb"},"inLanguage":"de-DE","potentialAction":[{"@type":"ReadAction","target":["https:\/\/www.derdack.com\/de\/wo-wir-helfen-loesungen\/it-outsourcing\/"]}]},{"@type":"BreadcrumbList","@id":"https:\/\/www.derdack.com\/de\/wo-wir-helfen-loesungen\/it-outsourcing\/#breadcrumb","itemListElement":[{"@type":"ListItem","position":1,"name":"Home","item":"https:\/\/www.derdack.com\/de\/"},{"@type":"ListItem","position":2,"name":"Wo wir helfen","item":"https:\/\/www.derdack.com\/de\/wo-wir-helfen-loesungen\/"},{"@type":"ListItem","position":3,"name":"IT-Outsourcing Anbieter"}]}]}},"_links":{"self":[{"href":"https:\/\/www.derdack.com\/de\/wp-json\/wp\/v2\/pages\/2030"}],"collection":[{"href":"https:\/\/www.derdack.com\/de\/wp-json\/wp\/v2\/pages"}],"about":[{"href":"https:\/\/www.derdack.com\/de\/wp-json\/wp\/v2\/types\/page"}],"author":[{"embeddable":true,"href":"https:\/\/www.derdack.com\/de\/wp-json\/wp\/v2\/users\/1"}],"replies":[{"embeddable":true,"href":"https:\/\/www.derdack.com\/de\/wp-json\/wp\/v2\/comments?post=2030"}],"version-history":[{"count":7,"href":"https:\/\/www.derdack.com\/de\/wp-json\/wp\/v2\/pages\/2030\/revisions"}],"predecessor-version":[{"id":8782,"href":"https:\/\/www.derdack.com\/de\/wp-json\/wp\/v2\/pages\/2030\/revisions\/8782"}],"up":[{"embeddable":true,"href":"https:\/\/www.derdack.com\/de\/wp-json\/wp\/v2\/pages\/2025"}],"wp:attachment":[{"href":"https:\/\/www.derdack.com\/de\/wp-json\/wp\/v2\/media?parent=2030"}],"curies":[{"name":"wp","href":"https:\/\/api.w.org\/{rel}","templated":true}]}}