{"id":2054,"date":"2015-12-11T12:52:23","date_gmt":"2015-12-11T11:52:23","guid":{"rendered":"https:\/\/www.derdack.com\/en\/?page_id=2054"},"modified":"2020-01-09T12:19:34","modified_gmt":"2020-01-09T11:19:34","slug":"rufbereitschaft-zusammenarbeit","status":"publish","type":"page","link":"https:\/\/www.derdack.com\/de\/enterprise-alert-alarmierungssoftware\/rufbereitschaft-zusammenarbeit\/","title":{"rendered":"Zusammenarbeit"},"content":{"rendered":"","protected":false},"excerpt":{"rendered":"","protected":false},"author":1,"featured_media":0,"parent":2033,"menu_order":0,"comment_status":"closed","ping_status":"closed","template":"","meta":[],"yoast_head":"<!-- This site is optimized with the Yoast SEO plugin v19.0 - https:\/\/yoast.com\/wordpress\/plugins\/seo\/ -->\n<title>Einfache Zusammenarbeit im Team bei kritischen St\u00f6rf\u00e4lle<\/title>\n<meta name=\"description\" content=\"Einfachste Zusammenarbeit im Team bei kritischen St\u00f6rf\u00e4lle - Telefonkonferenzen, Zugriff auf Rufbereitschaften, automatische Rufweiterleitung und mehr.\" \/>\n<meta name=\"robots\" content=\"index, follow, max-snippet:-1, max-image-preview:large, max-video-preview:-1\" \/>\n<link rel=\"canonical\" href=\"https:\/\/www.derdack.com\/de\/enterprise-alert-alarmierungssoftware\/rufbereitschaft-zusammenarbeit\/\" \/>\n<meta property=\"og:locale\" content=\"de_DE\" \/>\n<meta property=\"og:type\" content=\"article\" \/>\n<meta property=\"og:title\" content=\"Einfache Zusammenarbeit im Team bei kritischen St\u00f6rf\u00e4lle\" \/>\n<meta property=\"og:description\" content=\"Einfachste Zusammenarbeit im Team bei kritischen St\u00f6rf\u00e4lle - Telefonkonferenzen, Zugriff auf Rufbereitschaften, automatische Rufweiterleitung und mehr.\" \/>\n<meta property=\"og:url\" content=\"https:\/\/www.derdack.com\/de\/enterprise-alert-alarmierungssoftware\/rufbereitschaft-zusammenarbeit\/\" \/>\n<meta property=\"og:site_name\" content=\"Derdack DE\" \/>\n<meta property=\"article:publisher\" content=\"https:\/\/www.facebook.com\/derdack?ref=ts\" \/>\n<meta property=\"article:modified_time\" content=\"2020-01-09T11:19:34+00:00\" \/>\n<meta name=\"twitter:card\" content=\"summary\" \/>\n<meta name=\"twitter:site\" content=\"@derdack\" \/>\n<script type=\"application\/ld+json\" class=\"yoast-schema-graph\">{\"@context\":\"https:\/\/schema.org\",\"@graph\":[{\"@type\":\"WebSite\",\"@id\":\"https:\/\/www.derdack.com\/de\/#website\",\"url\":\"https:\/\/www.derdack.com\/de\/\",\"name\":\"Derdack DE\",\"description\":\"Alarmierung und mobile St\u00f6rfallreaktion f\u00fcr kritische Systeme\",\"potentialAction\":[{\"@type\":\"SearchAction\",\"target\":{\"@type\":\"EntryPoint\",\"urlTemplate\":\"https:\/\/www.derdack.com\/de\/?s={search_term_string}\"},\"query-input\":\"required name=search_term_string\"}],\"inLanguage\":\"de-DE\"},{\"@type\":\"WebPage\",\"@id\":\"https:\/\/www.derdack.com\/de\/enterprise-alert-alarmierungssoftware\/rufbereitschaft-zusammenarbeit\/#webpage\",\"url\":\"https:\/\/www.derdack.com\/de\/enterprise-alert-alarmierungssoftware\/rufbereitschaft-zusammenarbeit\/\",\"name\":\"Einfache Zusammenarbeit im Team bei kritischen St\u00f6rf\u00e4lle\",\"isPartOf\":{\"@id\":\"https:\/\/www.derdack.com\/de\/#website\"},\"datePublished\":\"2015-12-11T11:52:23+00:00\",\"dateModified\":\"2020-01-09T11:19:34+00:00\",\"description\":\"Einfachste Zusammenarbeit im Team bei kritischen St\u00f6rf\u00e4lle - Telefonkonferenzen, Zugriff auf Rufbereitschaften, automatische Rufweiterleitung und mehr.\",\"breadcrumb\":{\"@id\":\"https:\/\/www.derdack.com\/de\/enterprise-alert-alarmierungssoftware\/rufbereitschaft-zusammenarbeit\/#breadcrumb\"},\"inLanguage\":\"de-DE\",\"potentialAction\":[{\"@type\":\"ReadAction\",\"target\":[\"https:\/\/www.derdack.com\/de\/enterprise-alert-alarmierungssoftware\/rufbereitschaft-zusammenarbeit\/\"]}]},{\"@type\":\"BreadcrumbList\",\"@id\":\"https:\/\/www.derdack.com\/de\/enterprise-alert-alarmierungssoftware\/rufbereitschaft-zusammenarbeit\/#breadcrumb\",\"itemListElement\":[{\"@type\":\"ListItem\",\"position\":1,\"name\":\"Home\",\"item\":\"https:\/\/www.derdack.com\/de\/\"},{\"@type\":\"ListItem\",\"position\":2,\"name\":\"Enterprise Alert\u00ae\",\"item\":\"https:\/\/www.derdack.com\/de\/enterprise-alert-alarmierungssoftware\/\"},{\"@type\":\"ListItem\",\"position\":3,\"name\":\"Zusammenarbeit\"}]}]}<\/script>\n<!-- \/ Yoast SEO plugin. -->","yoast_head_json":{"title":"Einfache Zusammenarbeit im Team bei kritischen St\u00f6rf\u00e4lle","description":"Einfachste Zusammenarbeit im Team bei kritischen St\u00f6rf\u00e4lle - Telefonkonferenzen, Zugriff auf Rufbereitschaften, automatische Rufweiterleitung und mehr.","robots":{"index":"index","follow":"follow","max-snippet":"max-snippet:-1","max-image-preview":"max-image-preview:large","max-video-preview":"max-video-preview:-1"},"canonical":"https:\/\/www.derdack.com\/de\/enterprise-alert-alarmierungssoftware\/rufbereitschaft-zusammenarbeit\/","og_locale":"de_DE","og_type":"article","og_title":"Einfache Zusammenarbeit im Team bei kritischen St\u00f6rf\u00e4lle","og_description":"Einfachste Zusammenarbeit im Team bei kritischen St\u00f6rf\u00e4lle - Telefonkonferenzen, Zugriff auf Rufbereitschaften, automatische Rufweiterleitung und mehr.","og_url":"https:\/\/www.derdack.com\/de\/enterprise-alert-alarmierungssoftware\/rufbereitschaft-zusammenarbeit\/","og_site_name":"Derdack DE","article_publisher":"https:\/\/www.facebook.com\/derdack?ref=ts","article_modified_time":"2020-01-09T11:19:34+00:00","twitter_card":"summary","twitter_site":"@derdack","schema":{"@context":"https:\/\/schema.org","@graph":[{"@type":"WebSite","@id":"https:\/\/www.derdack.com\/de\/#website","url":"https:\/\/www.derdack.com\/de\/","name":"Derdack DE","description":"Alarmierung und mobile St\u00f6rfallreaktion f\u00fcr kritische Systeme","potentialAction":[{"@type":"SearchAction","target":{"@type":"EntryPoint","urlTemplate":"https:\/\/www.derdack.com\/de\/?s={search_term_string}"},"query-input":"required name=search_term_string"}],"inLanguage":"de-DE"},{"@type":"WebPage","@id":"https:\/\/www.derdack.com\/de\/enterprise-alert-alarmierungssoftware\/rufbereitschaft-zusammenarbeit\/#webpage","url":"https:\/\/www.derdack.com\/de\/enterprise-alert-alarmierungssoftware\/rufbereitschaft-zusammenarbeit\/","name":"Einfache Zusammenarbeit im Team bei kritischen St\u00f6rf\u00e4lle","isPartOf":{"@id":"https:\/\/www.derdack.com\/de\/#website"},"datePublished":"2015-12-11T11:52:23+00:00","dateModified":"2020-01-09T11:19:34+00:00","description":"Einfachste Zusammenarbeit im Team bei kritischen St\u00f6rf\u00e4lle - Telefonkonferenzen, Zugriff auf Rufbereitschaften, automatische Rufweiterleitung und mehr.","breadcrumb":{"@id":"https:\/\/www.derdack.com\/de\/enterprise-alert-alarmierungssoftware\/rufbereitschaft-zusammenarbeit\/#breadcrumb"},"inLanguage":"de-DE","potentialAction":[{"@type":"ReadAction","target":["https:\/\/www.derdack.com\/de\/enterprise-alert-alarmierungssoftware\/rufbereitschaft-zusammenarbeit\/"]}]},{"@type":"BreadcrumbList","@id":"https:\/\/www.derdack.com\/de\/enterprise-alert-alarmierungssoftware\/rufbereitschaft-zusammenarbeit\/#breadcrumb","itemListElement":[{"@type":"ListItem","position":1,"name":"Home","item":"https:\/\/www.derdack.com\/de\/"},{"@type":"ListItem","position":2,"name":"Enterprise Alert\u00ae","item":"https:\/\/www.derdack.com\/de\/enterprise-alert-alarmierungssoftware\/"},{"@type":"ListItem","position":3,"name":"Zusammenarbeit"}]}]}},"_links":{"self":[{"href":"https:\/\/www.derdack.com\/de\/wp-json\/wp\/v2\/pages\/2054"}],"collection":[{"href":"https:\/\/www.derdack.com\/de\/wp-json\/wp\/v2\/pages"}],"about":[{"href":"https:\/\/www.derdack.com\/de\/wp-json\/wp\/v2\/types\/page"}],"author":[{"embeddable":true,"href":"https:\/\/www.derdack.com\/de\/wp-json\/wp\/v2\/users\/1"}],"replies":[{"embeddable":true,"href":"https:\/\/www.derdack.com\/de\/wp-json\/wp\/v2\/comments?post=2054"}],"version-history":[{"count":3,"href":"https:\/\/www.derdack.com\/de\/wp-json\/wp\/v2\/pages\/2054\/revisions"}],"predecessor-version":[{"id":5440,"href":"https:\/\/www.derdack.com\/de\/wp-json\/wp\/v2\/pages\/2054\/revisions\/5440"}],"up":[{"embeddable":true,"href":"https:\/\/www.derdack.com\/de\/wp-json\/wp\/v2\/pages\/2033"}],"wp:attachment":[{"href":"https:\/\/www.derdack.com\/de\/wp-json\/wp\/v2\/media?parent=2054"}],"curies":[{"name":"wp","href":"https:\/\/api.w.org\/{rel}","templated":true}]}}