{"id":2117,"date":"2015-12-17T09:35:22","date_gmt":"2015-12-17T08:35:22","guid":{"rendered":"https:\/\/www.derdack.com\/en\/?page_id=2117"},"modified":"2020-01-09T15:53:56","modified_gmt":"2020-01-09T14:53:56","slug":"energie-und-versorger","status":"publish","type":"page","link":"https:\/\/www.derdack.com\/de\/wo-wir-helfen-loesungen\/energie-und-versorger\/","title":{"rendered":"Energie &amp; Versorger"},"content":{"rendered":"","protected":false},"excerpt":{"rendered":"","protected":false},"author":1,"featured_media":0,"parent":2025,"menu_order":0,"comment_status":"closed","ping_status":"closed","template":"","meta":[],"yoast_head":"<!-- This site is optimized with the Yoast SEO plugin v19.0 - https:\/\/yoast.com\/wordpress\/plugins\/seo\/ -->\n<title>Mobile Alarmierung f\u00fcr Energieunternehmen<\/title>\n<meta name=\"description\" content=\"Servicetechniker alarmieren - Intelligent, zuverl\u00e4ssig und automatisiert. Automatisierte &amp; mobile Alarmierung f\u00fcr Energieunternehmen. Erfahren Sie mehr\" \/>\n<meta name=\"robots\" content=\"index, follow, max-snippet:-1, max-image-preview:large, max-video-preview:-1\" \/>\n<link rel=\"canonical\" href=\"https:\/\/www.derdack.com\/de\/wo-wir-helfen-loesungen\/energie-und-versorger\/\" \/>\n<meta property=\"og:locale\" content=\"de_DE\" \/>\n<meta property=\"og:type\" content=\"article\" \/>\n<meta property=\"og:title\" content=\"Mobile Alarmierung f\u00fcr Energieunternehmen\" \/>\n<meta property=\"og:description\" content=\"Servicetechniker alarmieren - Intelligent, zuverl\u00e4ssig und automatisiert. Automatisierte &amp; mobile Alarmierung f\u00fcr Energieunternehmen. Erfahren Sie mehr\" \/>\n<meta property=\"og:url\" content=\"https:\/\/www.derdack.com\/de\/wo-wir-helfen-loesungen\/energie-und-versorger\/\" \/>\n<meta property=\"og:site_name\" content=\"Derdack DE\" \/>\n<meta property=\"article:publisher\" content=\"https:\/\/www.facebook.com\/derdack?ref=ts\" \/>\n<meta property=\"article:modified_time\" content=\"2020-01-09T14:53:56+00:00\" \/>\n<meta name=\"twitter:card\" content=\"summary\" \/>\n<meta name=\"twitter:site\" content=\"@derdack\" \/>\n<script type=\"application\/ld+json\" class=\"yoast-schema-graph\">{\"@context\":\"https:\/\/schema.org\",\"@graph\":[{\"@type\":\"WebSite\",\"@id\":\"https:\/\/www.derdack.com\/de\/#website\",\"url\":\"https:\/\/www.derdack.com\/de\/\",\"name\":\"Derdack DE\",\"description\":\"Alarmierung und mobile St\u00f6rfallreaktion f\u00fcr kritische Systeme\",\"potentialAction\":[{\"@type\":\"SearchAction\",\"target\":{\"@type\":\"EntryPoint\",\"urlTemplate\":\"https:\/\/www.derdack.com\/de\/?s={search_term_string}\"},\"query-input\":\"required name=search_term_string\"}],\"inLanguage\":\"de-DE\"},{\"@type\":\"WebPage\",\"@id\":\"https:\/\/www.derdack.com\/de\/wo-wir-helfen-loesungen\/energie-und-versorger\/#webpage\",\"url\":\"https:\/\/www.derdack.com\/de\/wo-wir-helfen-loesungen\/energie-und-versorger\/\",\"name\":\"Mobile Alarmierung f\u00fcr Energieunternehmen\",\"isPartOf\":{\"@id\":\"https:\/\/www.derdack.com\/de\/#website\"},\"datePublished\":\"2015-12-17T08:35:22+00:00\",\"dateModified\":\"2020-01-09T14:53:56+00:00\",\"description\":\"Servicetechniker alarmieren - Intelligent, zuverl\u00e4ssig und automatisiert. Automatisierte & mobile Alarmierung f\u00fcr Energieunternehmen. Erfahren Sie mehr\",\"breadcrumb\":{\"@id\":\"https:\/\/www.derdack.com\/de\/wo-wir-helfen-loesungen\/energie-und-versorger\/#breadcrumb\"},\"inLanguage\":\"de-DE\",\"potentialAction\":[{\"@type\":\"ReadAction\",\"target\":[\"https:\/\/www.derdack.com\/de\/wo-wir-helfen-loesungen\/energie-und-versorger\/\"]}]},{\"@type\":\"BreadcrumbList\",\"@id\":\"https:\/\/www.derdack.com\/de\/wo-wir-helfen-loesungen\/energie-und-versorger\/#breadcrumb\",\"itemListElement\":[{\"@type\":\"ListItem\",\"position\":1,\"name\":\"Home\",\"item\":\"https:\/\/www.derdack.com\/de\/\"},{\"@type\":\"ListItem\",\"position\":2,\"name\":\"Wo wir helfen\",\"item\":\"https:\/\/www.derdack.com\/de\/wo-wir-helfen-loesungen\/\"},{\"@type\":\"ListItem\",\"position\":3,\"name\":\"Energie &amp; Versorger\"}]}]}<\/script>\n<!-- \/ Yoast SEO plugin. -->","yoast_head_json":{"title":"Mobile Alarmierung f\u00fcr Energieunternehmen","description":"Servicetechniker alarmieren - Intelligent, zuverl\u00e4ssig und automatisiert. Automatisierte & mobile Alarmierung f\u00fcr Energieunternehmen. Erfahren Sie mehr","robots":{"index":"index","follow":"follow","max-snippet":"max-snippet:-1","max-image-preview":"max-image-preview:large","max-video-preview":"max-video-preview:-1"},"canonical":"https:\/\/www.derdack.com\/de\/wo-wir-helfen-loesungen\/energie-und-versorger\/","og_locale":"de_DE","og_type":"article","og_title":"Mobile Alarmierung f\u00fcr Energieunternehmen","og_description":"Servicetechniker alarmieren - Intelligent, zuverl\u00e4ssig und automatisiert. Automatisierte & mobile Alarmierung f\u00fcr Energieunternehmen. Erfahren Sie mehr","og_url":"https:\/\/www.derdack.com\/de\/wo-wir-helfen-loesungen\/energie-und-versorger\/","og_site_name":"Derdack DE","article_publisher":"https:\/\/www.facebook.com\/derdack?ref=ts","article_modified_time":"2020-01-09T14:53:56+00:00","twitter_card":"summary","twitter_site":"@derdack","schema":{"@context":"https:\/\/schema.org","@graph":[{"@type":"WebSite","@id":"https:\/\/www.derdack.com\/de\/#website","url":"https:\/\/www.derdack.com\/de\/","name":"Derdack DE","description":"Alarmierung und mobile St\u00f6rfallreaktion f\u00fcr kritische Systeme","potentialAction":[{"@type":"SearchAction","target":{"@type":"EntryPoint","urlTemplate":"https:\/\/www.derdack.com\/de\/?s={search_term_string}"},"query-input":"required name=search_term_string"}],"inLanguage":"de-DE"},{"@type":"WebPage","@id":"https:\/\/www.derdack.com\/de\/wo-wir-helfen-loesungen\/energie-und-versorger\/#webpage","url":"https:\/\/www.derdack.com\/de\/wo-wir-helfen-loesungen\/energie-und-versorger\/","name":"Mobile Alarmierung f\u00fcr Energieunternehmen","isPartOf":{"@id":"https:\/\/www.derdack.com\/de\/#website"},"datePublished":"2015-12-17T08:35:22+00:00","dateModified":"2020-01-09T14:53:56+00:00","description":"Servicetechniker alarmieren - Intelligent, zuverl\u00e4ssig und automatisiert. Automatisierte & mobile Alarmierung f\u00fcr Energieunternehmen. Erfahren Sie mehr","breadcrumb":{"@id":"https:\/\/www.derdack.com\/de\/wo-wir-helfen-loesungen\/energie-und-versorger\/#breadcrumb"},"inLanguage":"de-DE","potentialAction":[{"@type":"ReadAction","target":["https:\/\/www.derdack.com\/de\/wo-wir-helfen-loesungen\/energie-und-versorger\/"]}]},{"@type":"BreadcrumbList","@id":"https:\/\/www.derdack.com\/de\/wo-wir-helfen-loesungen\/energie-und-versorger\/#breadcrumb","itemListElement":[{"@type":"ListItem","position":1,"name":"Home","item":"https:\/\/www.derdack.com\/de\/"},{"@type":"ListItem","position":2,"name":"Wo wir helfen","item":"https:\/\/www.derdack.com\/de\/wo-wir-helfen-loesungen\/"},{"@type":"ListItem","position":3,"name":"Energie &amp; Versorger"}]}]}},"_links":{"self":[{"href":"https:\/\/www.derdack.com\/de\/wp-json\/wp\/v2\/pages\/2117"}],"collection":[{"href":"https:\/\/www.derdack.com\/de\/wp-json\/wp\/v2\/pages"}],"about":[{"href":"https:\/\/www.derdack.com\/de\/wp-json\/wp\/v2\/types\/page"}],"author":[{"embeddable":true,"href":"https:\/\/www.derdack.com\/de\/wp-json\/wp\/v2\/users\/1"}],"replies":[{"embeddable":true,"href":"https:\/\/www.derdack.com\/de\/wp-json\/wp\/v2\/comments?post=2117"}],"version-history":[{"count":10,"href":"https:\/\/www.derdack.com\/de\/wp-json\/wp\/v2\/pages\/2117\/revisions"}],"predecessor-version":[{"id":8787,"href":"https:\/\/www.derdack.com\/de\/wp-json\/wp\/v2\/pages\/2117\/revisions\/8787"}],"up":[{"embeddable":true,"href":"https:\/\/www.derdack.com\/de\/wp-json\/wp\/v2\/pages\/2025"}],"wp:attachment":[{"href":"https:\/\/www.derdack.com\/de\/wp-json\/wp\/v2\/media?parent=2117"}],"curies":[{"name":"wp","href":"https:\/\/api.w.org\/{rel}","templated":true}]}}