{"id":2247,"date":"2016-01-07T15:42:35","date_gmt":"2016-01-07T14:42:35","guid":{"rendered":"https:\/\/www.derdack.com\/en\/?page_id=2247"},"modified":"2020-01-09T15:45:49","modified_gmt":"2020-01-09T14:45:49","slug":"banken-und-finanzen","status":"publish","type":"page","link":"https:\/\/www.derdack.com\/de\/wo-wir-helfen-loesungen\/banken-und-finanzen\/","title":{"rendered":"Banken &amp; Finanzen"},"content":{"rendered":"","protected":false},"excerpt":{"rendered":"","protected":false},"author":1,"featured_media":0,"parent":2025,"menu_order":0,"comment_status":"closed","ping_status":"closed","template":"","meta":[],"yoast_head":"<!-- This site is optimized with the Yoast SEO plugin v19.0 - https:\/\/yoast.com\/wordpress\/plugins\/seo\/ -->\n<title>Mobile Alarmierung im Finanzwesen<\/title>\n<meta name=\"description\" content=\"Derdack erm\u00f6glicht zuverl\u00e4ssige IT-Alarmierung und h\u00f6here Verf\u00fcgbarkeit f\u00fcr kritische IT Systeme im Finanzwesen. Mehr Informationen finden Sie hier\" \/>\n<meta name=\"robots\" content=\"index, follow, max-snippet:-1, max-image-preview:large, max-video-preview:-1\" \/>\n<link rel=\"canonical\" href=\"https:\/\/www.derdack.com\/de\/wo-wir-helfen-loesungen\/banken-und-finanzen\/\" \/>\n<meta property=\"og:locale\" content=\"de_DE\" \/>\n<meta property=\"og:type\" content=\"article\" \/>\n<meta property=\"og:title\" content=\"Mobile Alarmierung im Finanzwesen\" \/>\n<meta property=\"og:description\" content=\"Derdack erm\u00f6glicht zuverl\u00e4ssige IT-Alarmierung und h\u00f6here Verf\u00fcgbarkeit f\u00fcr kritische IT Systeme im Finanzwesen. Mehr Informationen finden Sie hier\" \/>\n<meta property=\"og:url\" content=\"https:\/\/www.derdack.com\/de\/wo-wir-helfen-loesungen\/banken-und-finanzen\/\" \/>\n<meta property=\"og:site_name\" content=\"Derdack DE\" \/>\n<meta property=\"article:publisher\" content=\"https:\/\/www.facebook.com\/derdack?ref=ts\" \/>\n<meta property=\"article:modified_time\" content=\"2020-01-09T14:45:49+00:00\" \/>\n<meta name=\"twitter:card\" content=\"summary\" \/>\n<meta name=\"twitter:site\" content=\"@derdack\" \/>\n<script type=\"application\/ld+json\" class=\"yoast-schema-graph\">{\"@context\":\"https:\/\/schema.org\",\"@graph\":[{\"@type\":\"WebSite\",\"@id\":\"https:\/\/www.derdack.com\/de\/#website\",\"url\":\"https:\/\/www.derdack.com\/de\/\",\"name\":\"Derdack DE\",\"description\":\"Alarmierung und mobile St\u00f6rfallreaktion f\u00fcr kritische Systeme\",\"potentialAction\":[{\"@type\":\"SearchAction\",\"target\":{\"@type\":\"EntryPoint\",\"urlTemplate\":\"https:\/\/www.derdack.com\/de\/?s={search_term_string}\"},\"query-input\":\"required name=search_term_string\"}],\"inLanguage\":\"de-DE\"},{\"@type\":\"WebPage\",\"@id\":\"https:\/\/www.derdack.com\/de\/wo-wir-helfen-loesungen\/banken-und-finanzen\/#webpage\",\"url\":\"https:\/\/www.derdack.com\/de\/wo-wir-helfen-loesungen\/banken-und-finanzen\/\",\"name\":\"Mobile Alarmierung im Finanzwesen\",\"isPartOf\":{\"@id\":\"https:\/\/www.derdack.com\/de\/#website\"},\"datePublished\":\"2016-01-07T14:42:35+00:00\",\"dateModified\":\"2020-01-09T14:45:49+00:00\",\"description\":\"Derdack erm\u00f6glicht zuverl\u00e4ssige IT-Alarmierung und h\u00f6here Verf\u00fcgbarkeit f\u00fcr kritische IT Systeme im Finanzwesen. Mehr Informationen finden Sie hier\",\"breadcrumb\":{\"@id\":\"https:\/\/www.derdack.com\/de\/wo-wir-helfen-loesungen\/banken-und-finanzen\/#breadcrumb\"},\"inLanguage\":\"de-DE\",\"potentialAction\":[{\"@type\":\"ReadAction\",\"target\":[\"https:\/\/www.derdack.com\/de\/wo-wir-helfen-loesungen\/banken-und-finanzen\/\"]}]},{\"@type\":\"BreadcrumbList\",\"@id\":\"https:\/\/www.derdack.com\/de\/wo-wir-helfen-loesungen\/banken-und-finanzen\/#breadcrumb\",\"itemListElement\":[{\"@type\":\"ListItem\",\"position\":1,\"name\":\"Home\",\"item\":\"https:\/\/www.derdack.com\/de\/\"},{\"@type\":\"ListItem\",\"position\":2,\"name\":\"Wo wir helfen\",\"item\":\"https:\/\/www.derdack.com\/de\/wo-wir-helfen-loesungen\/\"},{\"@type\":\"ListItem\",\"position\":3,\"name\":\"Banken &amp; Finanzen\"}]}]}<\/script>\n<!-- \/ Yoast SEO plugin. -->","yoast_head_json":{"title":"Mobile Alarmierung im Finanzwesen","description":"Derdack erm\u00f6glicht zuverl\u00e4ssige IT-Alarmierung und h\u00f6here Verf\u00fcgbarkeit f\u00fcr kritische IT Systeme im Finanzwesen. Mehr Informationen finden Sie hier","robots":{"index":"index","follow":"follow","max-snippet":"max-snippet:-1","max-image-preview":"max-image-preview:large","max-video-preview":"max-video-preview:-1"},"canonical":"https:\/\/www.derdack.com\/de\/wo-wir-helfen-loesungen\/banken-und-finanzen\/","og_locale":"de_DE","og_type":"article","og_title":"Mobile Alarmierung im Finanzwesen","og_description":"Derdack erm\u00f6glicht zuverl\u00e4ssige IT-Alarmierung und h\u00f6here Verf\u00fcgbarkeit f\u00fcr kritische IT Systeme im Finanzwesen. Mehr Informationen finden Sie hier","og_url":"https:\/\/www.derdack.com\/de\/wo-wir-helfen-loesungen\/banken-und-finanzen\/","og_site_name":"Derdack DE","article_publisher":"https:\/\/www.facebook.com\/derdack?ref=ts","article_modified_time":"2020-01-09T14:45:49+00:00","twitter_card":"summary","twitter_site":"@derdack","schema":{"@context":"https:\/\/schema.org","@graph":[{"@type":"WebSite","@id":"https:\/\/www.derdack.com\/de\/#website","url":"https:\/\/www.derdack.com\/de\/","name":"Derdack DE","description":"Alarmierung und mobile St\u00f6rfallreaktion f\u00fcr kritische Systeme","potentialAction":[{"@type":"SearchAction","target":{"@type":"EntryPoint","urlTemplate":"https:\/\/www.derdack.com\/de\/?s={search_term_string}"},"query-input":"required name=search_term_string"}],"inLanguage":"de-DE"},{"@type":"WebPage","@id":"https:\/\/www.derdack.com\/de\/wo-wir-helfen-loesungen\/banken-und-finanzen\/#webpage","url":"https:\/\/www.derdack.com\/de\/wo-wir-helfen-loesungen\/banken-und-finanzen\/","name":"Mobile Alarmierung im Finanzwesen","isPartOf":{"@id":"https:\/\/www.derdack.com\/de\/#website"},"datePublished":"2016-01-07T14:42:35+00:00","dateModified":"2020-01-09T14:45:49+00:00","description":"Derdack erm\u00f6glicht zuverl\u00e4ssige IT-Alarmierung und h\u00f6here Verf\u00fcgbarkeit f\u00fcr kritische IT Systeme im Finanzwesen. Mehr Informationen finden Sie hier","breadcrumb":{"@id":"https:\/\/www.derdack.com\/de\/wo-wir-helfen-loesungen\/banken-und-finanzen\/#breadcrumb"},"inLanguage":"de-DE","potentialAction":[{"@type":"ReadAction","target":["https:\/\/www.derdack.com\/de\/wo-wir-helfen-loesungen\/banken-und-finanzen\/"]}]},{"@type":"BreadcrumbList","@id":"https:\/\/www.derdack.com\/de\/wo-wir-helfen-loesungen\/banken-und-finanzen\/#breadcrumb","itemListElement":[{"@type":"ListItem","position":1,"name":"Home","item":"https:\/\/www.derdack.com\/de\/"},{"@type":"ListItem","position":2,"name":"Wo wir helfen","item":"https:\/\/www.derdack.com\/de\/wo-wir-helfen-loesungen\/"},{"@type":"ListItem","position":3,"name":"Banken &amp; Finanzen"}]}]}},"_links":{"self":[{"href":"https:\/\/www.derdack.com\/de\/wp-json\/wp\/v2\/pages\/2247"}],"collection":[{"href":"https:\/\/www.derdack.com\/de\/wp-json\/wp\/v2\/pages"}],"about":[{"href":"https:\/\/www.derdack.com\/de\/wp-json\/wp\/v2\/types\/page"}],"author":[{"embeddable":true,"href":"https:\/\/www.derdack.com\/de\/wp-json\/wp\/v2\/users\/1"}],"replies":[{"embeddable":true,"href":"https:\/\/www.derdack.com\/de\/wp-json\/wp\/v2\/comments?post=2247"}],"version-history":[{"count":13,"href":"https:\/\/www.derdack.com\/de\/wp-json\/wp\/v2\/pages\/2247\/revisions"}],"predecessor-version":[{"id":9579,"href":"https:\/\/www.derdack.com\/de\/wp-json\/wp\/v2\/pages\/2247\/revisions\/9579"}],"up":[{"embeddable":true,"href":"https:\/\/www.derdack.com\/de\/wp-json\/wp\/v2\/pages\/2025"}],"wp:attachment":[{"href":"https:\/\/www.derdack.com\/de\/wp-json\/wp\/v2\/media?parent=2247"}],"curies":[{"name":"wp","href":"https:\/\/api.w.org\/{rel}","templated":true}]}}