{"id":5391,"date":"2016-07-26T16:30:46","date_gmt":"2016-07-26T14:30:46","guid":{"rendered":"https:\/\/www.derdack.com\/de\/?page_id=5391"},"modified":"2017-02-14T16:30:14","modified_gmt":"2017-02-14T15:30:14","slug":"bmc-software","status":"publish","type":"page","link":"https:\/\/www.derdack.com\/de\/enterprise-alert-alarmierungssoftware\/integration-alt\/bmc-software\/","title":{"rendered":"BMC Software"},"content":{"rendered":"","protected":false},"excerpt":{"rendered":"","protected":false},"author":1,"featured_media":0,"parent":2036,"menu_order":0,"comment_status":"closed","ping_status":"closed","template":"","meta":[],"yoast_head":"<!-- This site is optimized with the Yoast SEO plugin v19.0 - https:\/\/yoast.com\/wordpress\/plugins\/seo\/ -->\n<title>Mobile Alarmierung in Echtzeit f\u00fcr BMC Software<\/title>\n<meta name=\"description\" content=\"Zuverl\u00e4ssige 2-Wege-Alarmierung und mobile App f\u00fcr BMC Software. Mehr Informationen \u00fcber die bidirektionale Integration mit BMC Software finden Sie hier\" \/>\n<meta name=\"robots\" content=\"index, follow, max-snippet:-1, max-image-preview:large, max-video-preview:-1\" \/>\n<link rel=\"canonical\" href=\"https:\/\/www.derdack.com\/de\/enterprise-alert-alarmierungssoftware\/integration-alt\/bmc-software\/\" \/>\n<meta property=\"og:locale\" content=\"de_DE\" \/>\n<meta property=\"og:type\" content=\"article\" \/>\n<meta property=\"og:title\" content=\"Mobile Alarmierung in Echtzeit f\u00fcr BMC Software\" \/>\n<meta property=\"og:description\" content=\"Zuverl\u00e4ssige 2-Wege-Alarmierung und mobile App f\u00fcr BMC Software. Mehr Informationen \u00fcber die bidirektionale Integration mit BMC Software finden Sie hier\" \/>\n<meta property=\"og:url\" content=\"https:\/\/www.derdack.com\/de\/enterprise-alert-alarmierungssoftware\/integration-alt\/bmc-software\/\" \/>\n<meta property=\"og:site_name\" content=\"Derdack DE\" \/>\n<meta property=\"article:publisher\" content=\"https:\/\/www.facebook.com\/derdack?ref=ts\" \/>\n<meta property=\"article:modified_time\" content=\"2017-02-14T15:30:14+00:00\" \/>\n<meta name=\"twitter:card\" content=\"summary\" \/>\n<meta name=\"twitter:site\" content=\"@derdack\" \/>\n<script type=\"application\/ld+json\" class=\"yoast-schema-graph\">{\"@context\":\"https:\/\/schema.org\",\"@graph\":[{\"@type\":\"WebSite\",\"@id\":\"https:\/\/www.derdack.com\/de\/#website\",\"url\":\"https:\/\/www.derdack.com\/de\/\",\"name\":\"Derdack DE\",\"description\":\"Alarmierung und mobile St\u00f6rfallreaktion f\u00fcr kritische Systeme\",\"potentialAction\":[{\"@type\":\"SearchAction\",\"target\":{\"@type\":\"EntryPoint\",\"urlTemplate\":\"https:\/\/www.derdack.com\/de\/?s={search_term_string}\"},\"query-input\":\"required name=search_term_string\"}],\"inLanguage\":\"de-DE\"},{\"@type\":\"WebPage\",\"@id\":\"https:\/\/www.derdack.com\/de\/enterprise-alert-alarmierungssoftware\/integration-alt\/bmc-software\/#webpage\",\"url\":\"https:\/\/www.derdack.com\/de\/enterprise-alert-alarmierungssoftware\/integration-alt\/bmc-software\/\",\"name\":\"Mobile Alarmierung in Echtzeit f\u00fcr BMC Software\",\"isPartOf\":{\"@id\":\"https:\/\/www.derdack.com\/de\/#website\"},\"datePublished\":\"2016-07-26T14:30:46+00:00\",\"dateModified\":\"2017-02-14T15:30:14+00:00\",\"description\":\"Zuverl\u00e4ssige 2-Wege-Alarmierung und mobile App f\u00fcr BMC Software. Mehr Informationen \u00fcber die bidirektionale Integration mit BMC Software finden Sie hier\",\"breadcrumb\":{\"@id\":\"https:\/\/www.derdack.com\/de\/enterprise-alert-alarmierungssoftware\/integration-alt\/bmc-software\/#breadcrumb\"},\"inLanguage\":\"de-DE\",\"potentialAction\":[{\"@type\":\"ReadAction\",\"target\":[\"https:\/\/www.derdack.com\/de\/enterprise-alert-alarmierungssoftware\/integration-alt\/bmc-software\/\"]}]},{\"@type\":\"BreadcrumbList\",\"@id\":\"https:\/\/www.derdack.com\/de\/enterprise-alert-alarmierungssoftware\/integration-alt\/bmc-software\/#breadcrumb\",\"itemListElement\":[{\"@type\":\"ListItem\",\"position\":1,\"name\":\"Home\",\"item\":\"https:\/\/www.derdack.com\/de\/\"},{\"@type\":\"ListItem\",\"position\":2,\"name\":\"Enterprise Alert\u00ae\",\"item\":\"https:\/\/www.derdack.com\/de\/enterprise-alert-alarmierungssoftware\/\"},{\"@type\":\"ListItem\",\"position\":3,\"name\":\"Integration ALT\",\"item\":\"https:\/\/www.derdack.com\/de\/?page_id=2036\"},{\"@type\":\"ListItem\",\"position\":4,\"name\":\"BMC Software\"}]}]}<\/script>\n<!-- \/ Yoast SEO plugin. -->","yoast_head_json":{"title":"Mobile Alarmierung in Echtzeit f\u00fcr BMC Software","description":"Zuverl\u00e4ssige 2-Wege-Alarmierung und mobile App f\u00fcr BMC Software. Mehr Informationen \u00fcber die bidirektionale Integration mit BMC Software finden Sie hier","robots":{"index":"index","follow":"follow","max-snippet":"max-snippet:-1","max-image-preview":"max-image-preview:large","max-video-preview":"max-video-preview:-1"},"canonical":"https:\/\/www.derdack.com\/de\/enterprise-alert-alarmierungssoftware\/integration-alt\/bmc-software\/","og_locale":"de_DE","og_type":"article","og_title":"Mobile Alarmierung in Echtzeit f\u00fcr BMC Software","og_description":"Zuverl\u00e4ssige 2-Wege-Alarmierung und mobile App f\u00fcr BMC Software. Mehr Informationen \u00fcber die bidirektionale Integration mit BMC Software finden Sie hier","og_url":"https:\/\/www.derdack.com\/de\/enterprise-alert-alarmierungssoftware\/integration-alt\/bmc-software\/","og_site_name":"Derdack DE","article_publisher":"https:\/\/www.facebook.com\/derdack?ref=ts","article_modified_time":"2017-02-14T15:30:14+00:00","twitter_card":"summary","twitter_site":"@derdack","schema":{"@context":"https:\/\/schema.org","@graph":[{"@type":"WebSite","@id":"https:\/\/www.derdack.com\/de\/#website","url":"https:\/\/www.derdack.com\/de\/","name":"Derdack DE","description":"Alarmierung und mobile St\u00f6rfallreaktion f\u00fcr kritische Systeme","potentialAction":[{"@type":"SearchAction","target":{"@type":"EntryPoint","urlTemplate":"https:\/\/www.derdack.com\/de\/?s={search_term_string}"},"query-input":"required name=search_term_string"}],"inLanguage":"de-DE"},{"@type":"WebPage","@id":"https:\/\/www.derdack.com\/de\/enterprise-alert-alarmierungssoftware\/integration-alt\/bmc-software\/#webpage","url":"https:\/\/www.derdack.com\/de\/enterprise-alert-alarmierungssoftware\/integration-alt\/bmc-software\/","name":"Mobile Alarmierung in Echtzeit f\u00fcr BMC Software","isPartOf":{"@id":"https:\/\/www.derdack.com\/de\/#website"},"datePublished":"2016-07-26T14:30:46+00:00","dateModified":"2017-02-14T15:30:14+00:00","description":"Zuverl\u00e4ssige 2-Wege-Alarmierung und mobile App f\u00fcr BMC Software. Mehr Informationen \u00fcber die bidirektionale Integration mit BMC Software finden Sie hier","breadcrumb":{"@id":"https:\/\/www.derdack.com\/de\/enterprise-alert-alarmierungssoftware\/integration-alt\/bmc-software\/#breadcrumb"},"inLanguage":"de-DE","potentialAction":[{"@type":"ReadAction","target":["https:\/\/www.derdack.com\/de\/enterprise-alert-alarmierungssoftware\/integration-alt\/bmc-software\/"]}]},{"@type":"BreadcrumbList","@id":"https:\/\/www.derdack.com\/de\/enterprise-alert-alarmierungssoftware\/integration-alt\/bmc-software\/#breadcrumb","itemListElement":[{"@type":"ListItem","position":1,"name":"Home","item":"https:\/\/www.derdack.com\/de\/"},{"@type":"ListItem","position":2,"name":"Enterprise Alert\u00ae","item":"https:\/\/www.derdack.com\/de\/enterprise-alert-alarmierungssoftware\/"},{"@type":"ListItem","position":3,"name":"Integration ALT","item":"https:\/\/www.derdack.com\/de\/?page_id=2036"},{"@type":"ListItem","position":4,"name":"BMC Software"}]}]}},"_links":{"self":[{"href":"https:\/\/www.derdack.com\/de\/wp-json\/wp\/v2\/pages\/5391"}],"collection":[{"href":"https:\/\/www.derdack.com\/de\/wp-json\/wp\/v2\/pages"}],"about":[{"href":"https:\/\/www.derdack.com\/de\/wp-json\/wp\/v2\/types\/page"}],"author":[{"embeddable":true,"href":"https:\/\/www.derdack.com\/de\/wp-json\/wp\/v2\/users\/1"}],"replies":[{"embeddable":true,"href":"https:\/\/www.derdack.com\/de\/wp-json\/wp\/v2\/comments?post=5391"}],"version-history":[{"count":2,"href":"https:\/\/www.derdack.com\/de\/wp-json\/wp\/v2\/pages\/5391\/revisions"}],"predecessor-version":[{"id":5763,"href":"https:\/\/www.derdack.com\/de\/wp-json\/wp\/v2\/pages\/5391\/revisions\/5763"}],"up":[{"embeddable":true,"href":"https:\/\/www.derdack.com\/de\/wp-json\/wp\/v2\/pages\/2036"}],"wp:attachment":[{"href":"https:\/\/www.derdack.com\/de\/wp-json\/wp\/v2\/media?parent=5391"}],"curies":[{"name":"wp","href":"https:\/\/api.w.org\/{rel}","templated":true}]}}